{"id":6,"date":"2025-11-25T18:15:00","date_gmt":"2025-11-26T00:15:00","guid":{"rendered":"https:\/\/gorditasime.directorio-comercial.com\/?page_id=6"},"modified":"2025-12-04T03:54:54","modified_gmt":"2025-12-04T09:54:54","slug":"inicio","status":"publish","type":"page","link":"https:\/\/gorditasime.directorio-comercial.com\/","title":{"rendered":"Inicio"},"content":{"rendered":"\n<div class=\"wp-block-columns is-not-stacked-on-mobile is-layout-flex wp-container-core-columns-is-layout-28f84493 wp-block-columns-is-layout-flex\">\n<div class=\"wp-block-column is-layout-flow wp-block-column-is-layout-flow\" style=\"flex-basis:2%\"><\/div>\n\n\n\n<div class=\"wp-block-column is-layout-flow wp-block-column-is-layout-flow\" style=\"flex-basis:98%\">\n<img loading=\"lazy\" decoding=\"async\" width=\"1583\" height=\"635\" data-media-id=\"23\" class=\"gb-media-d980444e\" alt=\"\" src=\"https:\/\/gorditasime.directorio-comercial.com\/wp-content\/uploads\/2025\/11\/poster.png\" srcset=\"https:\/\/gorditasime.directorio-comercial.com\/wp-content\/uploads\/2025\/11\/poster.png 1583w, https:\/\/gorditasime.directorio-comercial.com\/wp-content\/uploads\/2025\/11\/poster-300x120.png 300w, https:\/\/gorditasime.directorio-comercial.com\/wp-content\/uploads\/2025\/11\/poster-1024x411.png 1024w, https:\/\/gorditasime.directorio-comercial.com\/wp-content\/uploads\/2025\/11\/poster-768x308.png 768w, https:\/\/gorditasime.directorio-comercial.com\/wp-content\/uploads\/2025\/11\/poster-1536x616.png 1536w\" sizes=\"auto, (max-width: 1583px) 100vw, 1583px\" \/>\n<\/div>\n\n\n\n<div class=\"wp-block-column is-layout-flow wp-block-column-is-layout-flow\" style=\"flex-basis:2%\"><\/div>\n<\/div>\n\n\n\n<div class=\"wp-block-group has-global-padding is-layout-constrained wp-container-core-group-is-layout-92ef7b19 wp-block-group-is-layout-constrained\">\n<h2 class=\"gb-text gb-text-1115e580\">Con\u00f3cenos<\/h2>\n\n\n\n<p class=\"gb-text gb-text-3e27ba0b\">Gorditas y Migadas IME ofrece antojitos tradicionales preparados con masa fresca y guisos caseros. Sus gorditas rellenas y sus migadas bien doraditas, hechas al comal, son un cl\u00e1sico del sabor aut\u00e9ntico de Pabell\u00f3n de Arteaga.<\/p>\n\n\n\n\n\n\n\n\n<\/div>\n","protected":false},"excerpt":{"rendered":"<p>Con\u00f3cenos Gorditas y Migadas IME ofrece antojitos tradicionales preparados con masa fresca y guisos caseros. Sus gorditas rellenas y sus migadas bien doraditas, hechas al comal, son un cl\u00e1sico del sabor aut\u00e9ntico de Pabell\u00f3n de Arteaga.<\/p>\n","protected":false},"author":1,"featured_media":0,"parent":0,"menu_order":0,"comment_status":"closed","ping_status":"closed","template":"page-no-title","meta":{"_acf_changed":false,"footnotes":""},"class_list":["post-6","page","type-page","status-publish","hentry"],"acf":[],"_links":{"self":[{"href":"https:\/\/gorditasime.directorio-comercial.com\/index.php?rest_route=\/wp\/v2\/pages\/6","targetHints":{"allow":["GET"]}}],"collection":[{"href":"https:\/\/gorditasime.directorio-comercial.com\/index.php?rest_route=\/wp\/v2\/pages"}],"about":[{"href":"https:\/\/gorditasime.directorio-comercial.com\/index.php?rest_route=\/wp\/v2\/types\/page"}],"author":[{"embeddable":true,"href":"https:\/\/gorditasime.directorio-comercial.com\/index.php?rest_route=\/wp\/v2\/users\/1"}],"replies":[{"embeddable":true,"href":"https:\/\/gorditasime.directorio-comercial.com\/index.php?rest_route=%2Fwp%2Fv2%2Fcomments&post=6"}],"version-history":[{"count":5,"href":"https:\/\/gorditasime.directorio-comercial.com\/index.php?rest_route=\/wp\/v2\/pages\/6\/revisions"}],"predecessor-version":[{"id":114,"href":"https:\/\/gorditasime.directorio-comercial.com\/index.php?rest_route=\/wp\/v2\/pages\/6\/revisions\/114"}],"wp:attachment":[{"href":"https:\/\/gorditasime.directorio-comercial.com\/index.php?rest_route=%2Fwp%2Fv2%2Fmedia&parent=6"}],"curies":[{"name":"wp","href":"https:\/\/api.w.org\/{rel}","templated":true}]}}